{"id":27,"date":"2021-04-10T10:02:53","date_gmt":"2021-04-10T10:02:53","guid":{"rendered":"https:\/\/www.tartakrakowiec.pl\/?page_id=27"},"modified":"2021-04-12T17:20:17","modified_gmt":"2021-04-12T17:20:17","slug":"uslugi","status":"publish","type":"page","link":"https:\/\/www.tartakrakowiec.pl\/?page_id=27","title":{"rendered":"Us\u0142ugi"},"content":{"rendered":"\n<p class=\"has-text-color has-background\" style=\"background-color:#b18857;color:#542c00\">Prowadzimy us\u0142ugi przetarcia ka\u017cdego gatunku drewna na dowolny wymiar. Posiadamy traki ta\u015bmowe renomowanej marki, na kt\u00f3rych przecieramy drewno do&nbsp; \u015brednicy 200cm. Elektroniczne ustawienia ci\u0119cia daj\u0105 gwarancj\u0119 zachowania wymiaru, natomiast szeroki wachlarz stosowanych pi\u0142 umo\u017cliwia przetarcie ka\u017cdego gatunku drewna niezale\u017cnie od pory roku.<\/p>\n\n\n\n<figure class=\"wp-block-image size-large\"><img loading=\"lazy\" width=\"1000\" height=\"300\" src=\"https:\/\/www.tartakrakowiec.pl\/wp-content\/uploads\/2021\/04\/baner1bstr-1.jpg\" alt=\"\" class=\"wp-image-129\" srcset=\"https:\/\/www.tartakrakowiec.pl\/wp-content\/uploads\/2021\/04\/baner1bstr-1.jpg 1000w, https:\/\/www.tartakrakowiec.pl\/wp-content\/uploads\/2021\/04\/baner1bstr-1-300x90.jpg 300w, https:\/\/www.tartakrakowiec.pl\/wp-content\/uploads\/2021\/04\/baner1bstr-1-768x230.jpg 768w, https:\/\/www.tartakrakowiec.pl\/wp-content\/uploads\/2021\/04\/baner1bstr-1-310x93.jpg 310w, https:\/\/www.tartakrakowiec.pl\/wp-content\/uploads\/2021\/04\/baner1bstr-1-348x104.jpg 348w\" sizes=\"(max-width: 1000px) 100vw, 1000px\" \/><\/figure>\n","protected":false},"excerpt":{"rendered":"<p>Prowadzimy us\u0142ugi przetarcia ka\u017cdego gatunku drewna na dowolny wymiar. Posiadamy traki ta\u015bmowe renomowanej marki, na kt\u00f3rych przecieramy drewno do&nbsp; \u015brednicy 200cm. Elektroniczne ustawienia ci\u0119cia daj\u0105 gwarancj\u0119 zachowania wymiaru, natomiast szeroki wachlarz stosowanych pi\u0142 umo\u017cliwia przetarcie ka\u017cdego gatunku drewna niezale\u017cnie od pory roku.<\/p>\n","protected":false},"author":1,"featured_media":0,"parent":0,"menu_order":0,"comment_status":"closed","ping_status":"closed","template":"","meta":[],"_links":{"self":[{"href":"https:\/\/www.tartakrakowiec.pl\/index.php?rest_route=\/wp\/v2\/pages\/27"}],"collection":[{"href":"https:\/\/www.tartakrakowiec.pl\/index.php?rest_route=\/wp\/v2\/pages"}],"about":[{"href":"https:\/\/www.tartakrakowiec.pl\/index.php?rest_route=\/wp\/v2\/types\/page"}],"author":[{"embeddable":true,"href":"https:\/\/www.tartakrakowiec.pl\/index.php?rest_route=\/wp\/v2\/users\/1"}],"replies":[{"embeddable":true,"href":"https:\/\/www.tartakrakowiec.pl\/index.php?rest_route=%2Fwp%2Fv2%2Fcomments&post=27"}],"version-history":[{"count":6,"href":"https:\/\/www.tartakrakowiec.pl\/index.php?rest_route=\/wp\/v2\/pages\/27\/revisions"}],"predecessor-version":[{"id":141,"href":"https:\/\/www.tartakrakowiec.pl\/index.php?rest_route=\/wp\/v2\/pages\/27\/revisions\/141"}],"wp:attachment":[{"href":"https:\/\/www.tartakrakowiec.pl\/index.php?rest_route=%2Fwp%2Fv2%2Fmedia&parent=27"}],"curies":[{"name":"wp","href":"https:\/\/api.w.org\/{rel}","templated":true}]}}